{"id":9176,"date":"2024-08-15T11:12:46","date_gmt":"2024-08-15T10:12:46","guid":{"rendered":"https:\/\/sofiamorgado.net\/?page_id=9176"},"modified":"2026-04-15T14:48:34","modified_gmt":"2026-04-15T13:48:34","slug":"painel-de-cliente","status":"publish","type":"page","link":"https:\/\/sofiamorgado.net\/en\/painel-de-cliente\/","title":{"rendered":"Painel de Cliente"},"content":{"rendered":"<p>... <\/p>\n<div class=\"pmpro\"><div class=\"pmpro_card pmpro_content_message\"><div class=\"pmpro_card_content\">Este conte\u00fado \u00e9 apenas para membros do plano  .<br \/><a href=\"https:\/\/sofiamorgado.net\/en\/tipos-de-assinatura\/\">Junta-te a n\u00f3s<\/a><\/div><div class=\"pmpro_card_actions pmpro_font-medium\">Already a member? <a href=\"https:\/\/sofiamorgado.net\/en\/login\/?redirect_to=https%3A%2F%2Fsofiamorgado.net%2Fen%2Fpainel-de-cliente%2F\">Log in here<\/a><\/div><\/div><\/div>","protected":false},"excerpt":{"rendered":"<p>&#8230; Este conte\u00fado \u00e9 apenas para membros do plano .Junta-te a n\u00f3sAlready a member? Log in here... <\/p>\n<div class=\"pmpro\"><div class=\"pmpro_card pmpro_content_message\"><div class=\"pmpro_card_content\">Este conte\u00fado \u00e9 apenas para membros do plano  .<br \/><a href=\"https:\/\/sofiamorgado.net\/en\/tipos-de-assinatura\/\">Junta-te a n\u00f3s<\/a><\/div><div class=\"pmpro_card_actions pmpro_font-medium\">Already a member? <a href=\"https:\/\/sofiamorgado.net\/en\/login\/?redirect_to=https%3A%2F%2Fsofiamorgado.net%2Fen%2Fpainel-de-cliente%2F\">Log in here<\/a><\/div><\/div><\/div>","protected":false},"author":1,"featured_media":0,"parent":0,"menu_order":0,"comment_status":"closed","ping_status":"closed","template":"elementor_header_footer","meta":{"_acf_changed":false,"pmpro_default_level":"","footnotes":""},"class_list":["post-9176","page","type-page","status-publish","hentry","pmpro-level-required","pmpro-level-3","pmpro-no-access"],"acf":[],"_links":{"self":[{"href":"https:\/\/sofiamorgado.net\/en\/wp-json\/wp\/v2\/pages\/9176","targetHints":{"allow":["GET"]}}],"collection":[{"href":"https:\/\/sofiamorgado.net\/en\/wp-json\/wp\/v2\/pages"}],"about":[{"href":"https:\/\/sofiamorgado.net\/en\/wp-json\/wp\/v2\/types\/page"}],"author":[{"embeddable":true,"href":"https:\/\/sofiamorgado.net\/en\/wp-json\/wp\/v2\/users\/1"}],"replies":[{"embeddable":true,"href":"https:\/\/sofiamorgado.net\/en\/wp-json\/wp\/v2\/comments?post=9176"}],"version-history":[{"count":5,"href":"https:\/\/sofiamorgado.net\/en\/wp-json\/wp\/v2\/pages\/9176\/revisions"}],"predecessor-version":[{"id":10992,"href":"https:\/\/sofiamorgado.net\/en\/wp-json\/wp\/v2\/pages\/9176\/revisions\/10992"}],"wp:attachment":[{"href":"https:\/\/sofiamorgado.net\/en\/wp-json\/wp\/v2\/media?parent=9176"}],"curies":[{"name":"wp","href":"https:\/\/api.w.org\/{rel}","templated":true}]}}